{"id":1561,"date":"2009-07-10T12:10:26","date_gmt":"2009-07-10T11:10:26","guid":{"rendered":"http:\/\/webbservern.se\/~jonas\/wordpress\/?page_id=1561"},"modified":"2009-07-10T12:10:26","modified_gmt":"2009-07-10T11:10:26","slug":"anmalan-av-uppdateringsmeddelanden","status":"publish","type":"page","link":"https:\/\/webbservern.se\/~jonas\/wordpress\/?page_id=1561","title":{"rendered":"Anm\u00e4lan av uppdateringsmeddelanden"},"content":{"rendered":"<p>Om du vill ha e-post-meddelanden n\u00e4r uppdateringar sker g\u00e5r det bra att anm\u00e4la intresse nedan.<\/p>\n<p><!--subscribe2--><\/p>\n","protected":false},"excerpt":{"rendered":"<p>Om du vill ha e-post-meddelanden n\u00e4r uppdateringar sker g\u00e5r det bra att anm\u00e4la intresse nedan.<\/p>\n","protected":false},"author":1,"featured_media":0,"parent":0,"menu_order":0,"comment_status":"open","ping_status":"open","template":"","meta":{"footnotes":""},"class_list":["post-1561","page","type-page","status-publish","hentry"],"_links":{"self":[{"href":"https:\/\/webbservern.se\/~jonas\/wordpress\/index.php?rest_route=\/wp\/v2\/pages\/1561","targetHints":{"allow":["GET"]}}],"collection":[{"href":"https:\/\/webbservern.se\/~jonas\/wordpress\/index.php?rest_route=\/wp\/v2\/pages"}],"about":[{"href":"https:\/\/webbservern.se\/~jonas\/wordpress\/index.php?rest_route=\/wp\/v2\/types\/page"}],"author":[{"embeddable":true,"href":"https:\/\/webbservern.se\/~jonas\/wordpress\/index.php?rest_route=\/wp\/v2\/users\/1"}],"replies":[{"embeddable":true,"href":"https:\/\/webbservern.se\/~jonas\/wordpress\/index.php?rest_route=%2Fwp%2Fv2%2Fcomments&post=1561"}],"version-history":[{"count":0,"href":"https:\/\/webbservern.se\/~jonas\/wordpress\/index.php?rest_route=\/wp\/v2\/pages\/1561\/revisions"}],"wp:attachment":[{"href":"https:\/\/webbservern.se\/~jonas\/wordpress\/index.php?rest_route=%2Fwp%2Fv2%2Fmedia&parent=1561"}],"curies":[{"name":"wp","href":"https:\/\/api.w.org\/{rel}","templated":true}]}}